{"id":2,"date":"2018-12-21T16:48:02","date_gmt":"2018-12-21T16:48:02","guid":{"rendered":"http:\/\/ehomed.rs\/web\/ehomed.rs\/public_html\/?page_id=2"},"modified":"2021-11-26T14:10:57","modified_gmt":"2021-11-26T14:10:57","slug":"sample-page","status":"publish","type":"page","link":"https:\/\/ehomed.na.rs\/?page_id=2","title":{"rendered":"O nama"},"content":{"rendered":"\n<p style=\"text-align:justify\" class=\"has-medium-font-size\"><strong>EHOMED <\/strong>\u2013 servis za popravku i odr\u017eavanje medicinskih aparata je osnovan 2006. I &nbsp;od tada se bavi servisom medicnskih aparata i ure\u0111aja na teritoriji Republike Srbije. Stru\u010dna osposobljenost in\u017eenjera, veliko iskustvo i upotreba najsavremenje dijagnosti\u010dke opreme omogu\u0107uje popravku svih &nbsp;aparata i ure\u0111aja do nivoa osnovnih&nbsp; komponenti. Samin tim cena popravke je izuzetno povoljna. Svi anga\u017eovani serviseri su visoko obrazovani poseduju sertifikate o obu\u010denosti za servisranje medicinskih aparata. Tako\u0111e vr\u0161i se konstantna edukacija svih servisera. Pored servisiranja bavimo se kontrolom i pode\u0161avanjem medicinskih aparata, kontrola se vr\u0161i najsavremenijim ure\u0111ajima.<\/p>\n\n\n\n<p class=\"has-text-color has-background has-medium-font-size has-very-dark-gray-color has-vivid-red-background-color\">EHOMED poseduje standarde za poslovanje ISO 9001, ISO13485, ISO 14001 i&nbsp; OHSAS18001  <\/p>\n\n\n\n<p class=\"has-very-dark-gray-color has-vivid-cyan-blue-background-color has-text-color has-background has-medium-font-size\"> Vodimo ra\u010duna o kvalitetu poslovanja, po\u0161tujemo propise o za\u0161titi na radu, zapo\u0161ljavanju i uslovima rada i za\u0161titi zivotne sredine . <\/p>\n\n\n\n<div class=\"wp-block-image is-style-default\"><figure class=\"alignleft is-resized\"><a href=\"https:\/\/ehomed.na.rs\/wp-content\/uploads\/2019\/01\/EHOMED-9001.pdf\" target=\"_blank\" rel=\"noreferrer noopener\"><img loading=\"lazy\" src=\"https:\/\/ehomed.na.rs\/wp-content\/uploads\/2019\/01\/IAS-LOGO-9001_2015-1.jpg\" alt=\"\" class=\"wp-image-140\" width=\"115\" height=\"154\" srcset=\"https:\/\/ehomed.na.rs\/wp-content\/uploads\/2019\/01\/IAS-LOGO-9001_2015-1.jpg 300w, https:\/\/ehomed.na.rs\/wp-content\/uploads\/2019\/01\/IAS-LOGO-9001_2015-1-224x300.jpg 224w\" sizes=\"(max-width: 115px) 100vw, 115px\" \/><\/a><figcaption>ISO 9001-2015<\/figcaption><\/figure><\/div>\n\n\n\n<div class=\"wp-block-image is-style-default\"><figure class=\"alignleft is-resized\"><a href=\"https:\/\/ehomed.na.rs\/wp-content\/uploads\/2021\/11\/Ehomed-9001-2021.pdf\" target=\"_blank\" rel=\"noreferrer noopener\"><img loading=\"lazy\" src=\"https:\/\/ehomed.na.rs\/wp-content\/uploads\/2019\/01\/IAS-LOGO-9001_2015-1.jpg\" alt=\"\" class=\"wp-image-140\" width=\"115\" height=\"154\" srcset=\"https:\/\/ehomed.na.rs\/wp-content\/uploads\/2019\/01\/IAS-LOGO-9001_2015-1.jpg 300w, https:\/\/ehomed.na.rs\/wp-content\/uploads\/2019\/01\/IAS-LOGO-9001_2015-1-224x300.jpg 224w\" sizes=\"(max-width: 115px) 100vw, 115px\" \/><\/a><figcaption>ISO 9001-2015<\/figcaption><\/figure><\/div>\n\n\n\n<div class=\"wp-block-image\"><figure class=\"alignleft is-resized\"><a href=\"https:\/\/ehomed.na.rs\/wp-content\/uploads\/2019\/01\/EHOMED-14001.pdf\" target=\"_blank\" rel=\"noreferrer noopener\"><img loading=\"lazy\" src=\"https:\/\/ehomed.na.rs\/wp-content\/uploads\/2019\/01\/IAS-LOGO-14001_2015.jpg\" alt=\"\" class=\"wp-image-109\" width=\"116\" height=\"155\" srcset=\"https:\/\/ehomed.na.rs\/wp-content\/uploads\/2019\/01\/IAS-LOGO-14001_2015.jpg 300w, https:\/\/ehomed.na.rs\/wp-content\/uploads\/2019\/01\/IAS-LOGO-14001_2015-224x300.jpg 224w\" sizes=\"(max-width: 116px) 100vw, 116px\" \/><\/a><figcaption>ISO 14001-2015<\/figcaption><\/figure><\/div>\n\n\n\n<div class=\"wp-block-image\"><figure class=\"alignleft is-resized\"><a href=\"https:\/\/ehomed.na.rs\/wp-content\/uploads\/2019\/01\/EHOMED-13485-SRP.pdf\" target=\"_blank\" rel=\"noreferrer noopener\"><img loading=\"lazy\" src=\"https:\/\/ehomed.na.rs\/wp-content\/uploads\/2019\/01\/ISO-13485-2016-908x1024.png\" alt=\"\" class=\"wp-image-144\" width=\"131\" height=\"147\" srcset=\"https:\/\/ehomed.na.rs\/wp-content\/uploads\/2019\/01\/ISO-13485-2016-908x1024.png 908w, https:\/\/ehomed.na.rs\/wp-content\/uploads\/2019\/01\/ISO-13485-2016-266x300.png 266w, https:\/\/ehomed.na.rs\/wp-content\/uploads\/2019\/01\/ISO-13485-2016-768x866.png 768w, https:\/\/ehomed.na.rs\/wp-content\/uploads\/2019\/01\/ISO-13485-2016.png 1434w\" sizes=\"(max-width: 131px) 100vw, 131px\" \/><\/a><figcaption>ISO 13485-2016<\/figcaption><\/figure><\/div>\n\n\n\n<figure class=\"wp-block-image is-resized\"><a href=\"https:\/\/ehomed.na.rs\/wp-content\/uploads\/2019\/01\/EHOMED-18001.pdf\" target=\"_blank\" rel=\"noreferrer noopener\"><img loading=\"lazy\" src=\"https:\/\/ehomed.na.rs\/wp-content\/uploads\/2019\/01\/LOGOTIP-18001.jpg\" alt=\"\" class=\"wp-image-147\" width=\"196\" height=\"134\" srcset=\"https:\/\/ehomed.na.rs\/wp-content\/uploads\/2019\/01\/LOGOTIP-18001.jpg 372w, https:\/\/ehomed.na.rs\/wp-content\/uploads\/2019\/01\/LOGOTIP-18001-300x206.jpg 300w\" sizes=\"(max-width: 196px) 100vw, 196px\" \/><\/a><figcaption>                                                                OHASAS 18001-2007<\/figcaption><\/figure>\n","protected":false},"excerpt":{"rendered":"<p>EHOMED \u2013 servis za popravku i odr\u017eavanje medicinskih aparata je osnovan 2006. I &nbsp;od tada se bavi servisom medicnskih aparata i ure\u0111aja na teritoriji Republike Srbije. Stru\u010dna osposobljenost in\u017eenjera, veliko iskustvo i upotreba najsavremenje dijagnosti\u010dke opreme omogu\u0107uje popravku svih &nbsp;aparata i ure\u0111aja do nivoa osnovnih&nbsp; komponenti. Samin tim cena popravke je izuzetno povoljna. Svi anga\u017eovani &hellip; <\/p>\n<p><a class=\"more-link btn\" href=\"https:\/\/ehomed.na.rs\/?page_id=2\">Continue reading<\/a><\/p>\n","protected":false},"author":1,"featured_media":347,"parent":0,"menu_order":0,"comment_status":"closed","ping_status":"open","template":"","meta":[],"_links":{"self":[{"href":"https:\/\/ehomed.na.rs\/index.php?rest_route=\/wp\/v2\/pages\/2"}],"collection":[{"href":"https:\/\/ehomed.na.rs\/index.php?rest_route=\/wp\/v2\/pages"}],"about":[{"href":"https:\/\/ehomed.na.rs\/index.php?rest_route=\/wp\/v2\/types\/page"}],"author":[{"embeddable":true,"href":"https:\/\/ehomed.na.rs\/index.php?rest_route=\/wp\/v2\/users\/1"}],"replies":[{"embeddable":true,"href":"https:\/\/ehomed.na.rs\/index.php?rest_route=%2Fwp%2Fv2%2Fcomments&post=2"}],"version-history":[{"count":31,"href":"https:\/\/ehomed.na.rs\/index.php?rest_route=\/wp\/v2\/pages\/2\/revisions"}],"predecessor-version":[{"id":438,"href":"https:\/\/ehomed.na.rs\/index.php?rest_route=\/wp\/v2\/pages\/2\/revisions\/438"}],"wp:featuredmedia":[{"embeddable":true,"href":"https:\/\/ehomed.na.rs\/index.php?rest_route=\/wp\/v2\/media\/347"}],"wp:attachment":[{"href":"https:\/\/ehomed.na.rs\/index.php?rest_route=%2Fwp%2Fv2%2Fmedia&parent=2"}],"curies":[{"name":"wp","href":"https:\/\/api.w.org\/{rel}","templated":true}]}}